{"id":238,"date":"2024-02-16T15:50:46","date_gmt":"2024-02-16T15:50:46","guid":{"rendered":"http:\/\/agroanza.com\/?page_id=238"},"modified":"2024-02-16T21:08:53","modified_gmt":"2024-02-16T21:08:53","slug":"nuestra-empresa","status":"publish","type":"page","link":"https:\/\/agroanza.com\/index.php\/nuestra-empresa\/","title":{"rendered":"Nuestra Empresa"},"content":{"rendered":"<p>[et_pb_section fb_built=&#8221;1&#8243; admin_label=&#8221;Header&#8221; _builder_version=&#8221;4.24.0&#8243; _module_preset=&#8221;default&#8221; background_image=&#8221;http:\/\/agroanza.com\/wp-content\/uploads\/2024\/02\/indian-condiments-with-copy-space-view-scaled.jpg&#8221; custom_padding=&#8221;15vw||0px||false|false&#8221; hover_enabled=&#8221;0&#8243; collapsed=&#8221;on&#8221; global_colors_info=&#8221;{}&#8221; theme_builder_area=&#8221;post_content&#8221; title_text=&#8221;indian-condiments-with-copy-space-view&#8221; sticky_enabled=&#8221;0&#8243; bottom_divider_style=&#8221;wave&#8221; bottom_divider_color=&#8221;#FFFFFF&#8221; bottom_divider_height=&#8221;112px&#8221; bottom_divider_flip=&#8221;horizontal&#8221; custom_margin=&#8221;3px||||false|false&#8221;][et_pb_row custom_padding_last_edited=&#8221;on|desktop&#8221; _builder_version=&#8221;4.24.0&#8243; _module_preset=&#8221;default&#8221; background_color=&#8221;RGBA(255,255,255,0)&#8221; custom_padding=&#8221;41px|60px|41px|120px|true|false&#8221; custom_padding_tablet=&#8221;30px|30px|30px|60px|true|false&#8221; custom_padding_phone=&#8221;20px|20px|20px|40px|true|false&#8221; hover_enabled=&#8221;0&#8243; border_radii=&#8221;off|30px|30px||&#8221; global_colors_info=&#8221;{}&#8221; theme_builder_area=&#8221;post_content&#8221; sticky_enabled=&#8221;0&#8243;][et_pb_column type=&#8221;4_4&#8243; _builder_version=&#8221;4.24.0&#8243; _module_preset=&#8221;default&#8221; hover_enabled=&#8221;0&#8243; global_colors_info=&#8221;{}&#8221; theme_builder_area=&#8221;post_content&#8221; sticky_enabled=&#8221;0&#8243;][et_pb_text _builder_version=&#8221;4.24.0&#8243; _module_preset=&#8221;b801560b-67b5-444a-b3a9-1b721b63742f&#8221; header_text_color=&#8221;#FFFFFF&#8221; hover_enabled=&#8221;0&#8243; global_colors_info=&#8221;{}&#8221; theme_builder_area=&#8221;post_content&#8221; sticky_enabled=&#8221;0&#8243; custom_padding=&#8221;||66px|||&#8221;]<\/p>\n<h1 style=\"text-align: center;\">Sobre Nosotros<\/h1>\n<p>[\/et_pb_text][\/et_pb_column][\/et_pb_row][\/et_pb_section][et_pb_section fb_built=&#8221;1&#8243; theme_builder_area=&#8221;post_content&#8221; _builder_version=&#8221;4.24.0&#8243; _module_preset=&#8221;default&#8221;][et_pb_row _builder_version=&#8221;4.24.0&#8243; _module_preset=&#8221;default&#8221; theme_builder_area=&#8221;post_content&#8221; column_structure=&#8221;1_4,3_4&#8243;][et_pb_column _builder_version=&#8221;4.24.0&#8243; _module_preset=&#8221;default&#8221; type=&#8221;1_4&#8243; theme_builder_area=&#8221;post_content&#8221;][et_pb_text _builder_version=&#8221;4.24.0&#8243; _module_preset=&#8221;1b572887-6b0c-43e2-aa7a-db490175d787&#8243; hover_enabled=&#8221;0&#8243; global_colors_info=&#8221;{}&#8221; theme_builder_area=&#8221;post_content&#8221; sticky_enabled=&#8221;0&#8243;]<\/p>\n<h2 style=\"text-align: left;\">Nuestra<br \/>Historia<\/h2>\n<p>[\/et_pb_text][\/et_pb_column][et_pb_column _builder_version=&#8221;4.24.0&#8243; _module_preset=&#8221;default&#8221; type=&#8221;3_4&#8243; theme_builder_area=&#8221;post_content&#8221;][et_pb_text _builder_version=&#8221;4.19.1&#8243; _module_preset=&#8221;2c04f065-cac1-4907-8815-0e62db578501&#8243; global_colors_info=&#8221;{}&#8221; theme_builder_area=&#8221;post_content&#8221;]<\/p>\n<p>Hace algunos a\u00f1os, en el departamento de Cochabamba, Bolivia, dos primos, el Ingeniero Willy Anzaldo Garc\u00eda y el Ingeniero Gonzalo Veizaga Anzaldo, compart\u00edan una visi\u00f3n. So\u00f1aban con crear una empresa que no solo transformara los recursos naturales de su tierra natal, sino que tambi\u00e9n brindara al mundo productos de alta calidad y sabor inigualable.<\/p>\n<p>El 4 de abril del 2014 ese sue\u00f1o se hizo realidad con la fundaci\u00f3n de AGROINDUSTRIAS ANZALDO S.R.L. con una pasi\u00f3n compartida por la agricultura y una profunda admiraci\u00f3n por la belleza de los campos bolivianos, Willy y Gonzalo se unieron para establecer una empresa que se destacar\u00e1 en el procesamiento de alimentos, centr\u00e1ndose especialmente en la industrializaci\u00f3n de frutas, hortalizas, tub\u00e9rculos, granos de cereales, leguminosas y otros productos agr\u00edcolas.<\/p>\n<p>Desde el principio, AGROANZA S.R.L. se comprometi\u00f3 a mantener los m\u00e1s altos est\u00e1ndares de calidad y sostenibilidad en todas sus operaciones.<\/p>\n<p>El compromiso de AGROANZA S.R.L con la excelencia se ver\u00e1 reflejado en sus productos finales. La empresa piensa destacarse por su procesamiento de alimentos de primera categor\u00eda, manteniendo la frescura y el sabor natural de los productos. Sus productos y sus marcas se volver\u00e1n populares tanto en el mercado nacional e\u00a0 internacional.<\/p>\n<p>AGROANZA SRL no solo quiere convertirse en una empresa reconocido en Bolivia, sino que tambi\u00e9n piensa exportar sus productos a varios pa\u00edses, llevando los sabores aut\u00e9nticos de la regi\u00f3n a los rincones m\u00e1s lejanos del mundo.<\/p>\n<p>AGROANZA S.R.L. piensa convertirse en un s\u00edmbolo de orgullo para su comunidad y una inspiraci\u00f3n para aquellos que comparten su pasi\u00f3n por la agricultura, agroindustria y la alimentaci\u00f3n nutritiva \u00a0saludable.<\/p>\n<p>[\/et_pb_text][\/et_pb_column][\/et_pb_row][et_pb_row _builder_version=&#8221;4.24.0&#8243; _module_preset=&#8221;default&#8221; theme_builder_area=&#8221;post_content&#8221; column_structure=&#8221;3_5,2_5&#8243;][et_pb_column _builder_version=&#8221;4.24.0&#8243; _module_preset=&#8221;default&#8221; type=&#8221;3_5&#8243; theme_builder_area=&#8221;post_content&#8221;][et_pb_text _builder_version=&#8221;4.19.1&#8243; _module_preset=&#8221;2c04f065-cac1-4907-8815-0e62db578501&#8243; global_colors_info=&#8221;{}&#8221; theme_builder_area=&#8221;post_content&#8221;]<\/p>\n<p>Nuestra misi\u00f3n en AGROINDUSTRIAS ANZALDO S.R.L. es transformar la diversidad de alimentos en productos con alto valor agregado. Trabajando incansablemente para ofrecer a nuestros clientes opciones nutritivas, vers\u00e1tiles y saludables, contribuyendo as\u00ed a una alimentaci\u00f3n m\u00e1s sana y sostenible. Nos comprometemos a mantener los m\u00e1s altos est\u00e1ndares de calidad, innovaci\u00f3n y responsabilidad ambiental en todas nuestras operaciones mejorando continuamente nuestros procesos, con el objetivo de satisfacer las necesidades de nuestros clientes y promover la prosperidad de nuestra regi\u00f3n<\/p>\n<p>[\/et_pb_text][\/et_pb_column][et_pb_column _builder_version=&#8221;4.24.0&#8243; _module_preset=&#8221;default&#8221; type=&#8221;2_5&#8243; theme_builder_area=&#8221;post_content&#8221;][et_pb_text _builder_version=&#8221;4.24.0&#8243; _module_preset=&#8221;1b572887-6b0c-43e2-aa7a-db490175d787&#8243; hover_enabled=&#8221;0&#8243; global_colors_info=&#8221;{}&#8221; theme_builder_area=&#8221;post_content&#8221; sticky_enabled=&#8221;0&#8243;]<\/p>\n<h2 style=\"text-align: right;\">Nuestra<br \/>Misi\u00f3n<\/h2>\n<p>[\/et_pb_text][\/et_pb_column][\/et_pb_row][et_pb_row _builder_version=&#8221;4.24.0&#8243; _module_preset=&#8221;default&#8221; theme_builder_area=&#8221;post_content&#8221; column_structure=&#8221;1_4,3_4&#8243;][et_pb_column _builder_version=&#8221;4.24.0&#8243; _module_preset=&#8221;default&#8221; type=&#8221;1_4&#8243; theme_builder_area=&#8221;post_content&#8221;][et_pb_text _builder_version=&#8221;4.24.0&#8243; _module_preset=&#8221;1b572887-6b0c-43e2-aa7a-db490175d787&#8243; hover_enabled=&#8221;0&#8243; global_colors_info=&#8221;{}&#8221; theme_builder_area=&#8221;post_content&#8221; sticky_enabled=&#8221;0&#8243;]<\/p>\n<h2>Nuestra<br \/>Visi\u00f3n<\/h2>\n<p>[\/et_pb_text][\/et_pb_column][et_pb_column _builder_version=&#8221;4.24.0&#8243; _module_preset=&#8221;default&#8221; type=&#8221;3_4&#8243; theme_builder_area=&#8221;post_content&#8221;][et_pb_text _builder_version=&#8221;4.19.1&#8243; _module_preset=&#8221;2c04f065-cac1-4907-8815-0e62db578501&#8243; global_colors_info=&#8221;{}&#8221; theme_builder_area=&#8221;post_content&#8221;]<\/p>\n<p>En AGROINDUSTRIAS ANZALDO S.R.L, aspiramos a ser l\u00edderes reconocidos a nivel nacional e internacional en la transformaci\u00f3n y comercializaci\u00f3n de productos alimenticios frescos y procesados.<\/p>\n<p>\u00a0Visualizamos un futuro en el que nuestras marcas sean sin\u00f3nimo de calidad, innovaci\u00f3n y sostenibilidad en la industria alimentaria. Nos esforzaremos por expandir nuestra presencia global, colaborando estrechamente con agricultores locales, promoviendo pr\u00e1cticas agr\u00edcolas sostenibles y mejorando constantemente nuestros procesos para brindar a nuestros clientes, productos naturales y nutritivos que enriquezcan la vida de las personas y promuevan la salud en todo el mundo. <\/p>\n<p>[\/et_pb_text][\/et_pb_column][\/et_pb_row][\/et_pb_section]<\/p>\n","protected":false},"excerpt":{"rendered":"<p>Sobre NosotrosNuestraHistoriaHace algunos a\u00f1os, en el departamento de Cochabamba, Bolivia, dos primos, el Ingeniero Willy Anzaldo Garc\u00eda y el Ingeniero Gonzalo Veizaga Anzaldo, compart\u00edan una visi\u00f3n. So\u00f1aban con crear una empresa que no solo transformara los recursos naturales de su tierra natal, sino que tambi\u00e9n brindara al mundo productos de alta calidad y sabor inigualable. [&hellip;]<\/p>\n","protected":false},"author":1,"featured_media":0,"parent":0,"menu_order":0,"comment_status":"closed","ping_status":"closed","template":"","meta":{"_et_pb_use_builder":"on","_et_pb_old_content":"<!-- wp:divi\/placeholder \/-->","_et_gb_content_width":"","footnotes":""},"_links":{"self":[{"href":"https:\/\/agroanza.com\/index.php\/wp-json\/wp\/v2\/pages\/238"}],"collection":[{"href":"https:\/\/agroanza.com\/index.php\/wp-json\/wp\/v2\/pages"}],"about":[{"href":"https:\/\/agroanza.com\/index.php\/wp-json\/wp\/v2\/types\/page"}],"author":[{"embeddable":true,"href":"https:\/\/agroanza.com\/index.php\/wp-json\/wp\/v2\/users\/1"}],"replies":[{"embeddable":true,"href":"https:\/\/agroanza.com\/index.php\/wp-json\/wp\/v2\/comments?post=238"}],"version-history":[{"count":4,"href":"https:\/\/agroanza.com\/index.php\/wp-json\/wp\/v2\/pages\/238\/revisions"}],"predecessor-version":[{"id":263,"href":"https:\/\/agroanza.com\/index.php\/wp-json\/wp\/v2\/pages\/238\/revisions\/263"}],"wp:attachment":[{"href":"https:\/\/agroanza.com\/index.php\/wp-json\/wp\/v2\/media?parent=238"}],"curies":[{"name":"wp","href":"https:\/\/api.w.org\/{rel}","templated":true}]}}